{"id":54,"date":"2023-10-18T15:10:29","date_gmt":"2023-10-18T15:10:29","guid":{"rendered":"https:\/\/freibuch.de\/?page_id=54"},"modified":"2024-05-10T21:20:00","modified_gmt":"2024-05-10T21:20:00","slug":"54-2","status":"publish","type":"page","link":"https:\/\/freibuch.de\/","title":{"rendered":""},"content":{"rendered":"<h1><strong>D A N K E !<\/strong><\/h1>\n<p>&nbsp;<\/p>\n<audio class=\"wp-audio-shortcode\" id=\"audio-54-1\" preload=\"none\" style=\"width: 100%;\" controls=\"controls\"><source type=\"audio\/mpeg\" src=\"https:\/\/freibuch.de\/wp-content\/uploads\/2024\/05\/Umfrage-Buchmesse-lang.mp3.RR_.mp3?_=1\" \/><a href=\"https:\/\/freibuch.de\/wp-content\/uploads\/2024\/05\/Umfrage-Buchmesse-lang.mp3.RR_.mp3\">https:\/\/freibuch.de\/wp-content\/uploads\/2024\/05\/Umfrage-Buchmesse-lang.mp3.RR_.mp3<\/a><\/audio>\n<p>&nbsp;<\/p>\n<p>=&gt; Die 1. Freiburger Buchmesse freiBUCH ist rum &#8211; und wir alle hatten gro\u00dfes Gl\u00fcck mit dem Wetter wie auch mit einer gro\u00dfen Schar von rund 2.000 freundlichen und sehr neugierigen BesucherInnen.<\/p>\n<p>Ihnen, den vielen Ausstellenden, Lesenden, B\u00fchneng\u00e4sten, Kunstausstellenden, Fotografierenden, benachbarten Mitausstellern im Atelier Bronner und der T\u00f6pferei im Layback, Vorlesezeltkindern und Workshops-Teilnehmenden, Blackout-Poeten den Unterst\u00fctzern Dezernat III der Stadt, Kulturamt, EBM Ulrich von Kirchbach, Koordinationsstelle Inklusion und Gesundheit, Stadtbibliothek, Literaturhaus, Freiburger B\u00fcrgerstiftung, Sparkasse N\u00f6rdlicher Breisgau, IKEA Freiburg, Pfadfinder Vauban, Schauspieler Michael Weis<strong>, <\/strong>Schreiner Johannes Wittich, T\u00e4nzerin Clara Kr\u00fcger, Buchbinderin Iris Haischer, Kaffeehaussitzer Uwe Kalkowski, Kabarettist Marc Hofmann, Theater 79 Merzhausen, Angell Big Band, Oliver Scheidis &amp; Kapelle f\u00fcr alle F\u00e4lle, Deutsche Cochlea Implantat Gesellschaft e.V. \/ Freiburg, Simba-Wraps, Ben-Kindler-K\u00fcche, Milch trifft Mehl, Caf\u00e9sita-Ape und Jenny Reyes, SWR-Moderatorin Anita Westrup, Dr. Erwin Ringwald, Gernot Erler, Nils Petersen, OB Martin Horn, Sicherheitsdienst George und Nico, FotografInnen Lauri und Rosalie, stiftungbuchkunst in Frankfurt<strong>\u00a0<\/strong>und vor allem dem 20 k\u00f6pfigen Team rein ehrenamtlicher Buchmesse-MacherInnen &#8211; Wiebke Emrich, Ruth Engelhardt-Gairing, Christiane Fa\u00dfbender, Pauline Fa\u00dfbender, Petra Gaus, Anne Grie\u00dfer, Simone Harre, Iris Herr, Astrid Ogbeiwi, Sebastian Bargon, Sascha Berst-Frediani, Nicolai Fl\u00f6th, Michael Hartmann, Derk Jan\u00dfen, Klaus Karlitzky, Konstantin Klingberg, Alfonso Lipardi, J\u00fcrgen Reu\u00df, Rainer Suchan und Andreas Verstappen &#8211; und allen weiteren Helferinnen und Helfern sowie dem Vorstand der gastgebenden Kreativpioniere Freiburg e.V. geb\u00fchrt allergr\u00f6\u00dfter Respekt und Dank f\u00fcr dieses fr\u00f6hliche, friedliche und von informativen Austausch mit unfassbar vielen pers\u00f6nlichen und bereichernden Gespr\u00e4chen gepr\u00e4gte Fest der B\u00fccher im Schopf2 der Kreativpioniere e.V. an der Schopfheimerstra\u00dfe 2 in Freiburg.<\/p>\n<p><strong>Daf\u00fcr ein riesenfettes DANKESCH\u00d6N!<\/strong><\/p>\n<p><em>Arne Bicker<\/em>, Koordinator der Planungsgruppe<\/p>\n<p>PS: Eine umfangreiche Foto-Dokumentation des Messegeschehens der freiBUCH im Schopf2 der Kreativpioniere gibt es <a href=\"https:\/\/freibuch.de\/index.php\/foto-galerie\/\" target=\"_blank\" rel=\"noopener\">hier in unserer Foto-Galerie<\/a> zu sehen.<\/p>\n<p><img loading=\"lazy\" decoding=\"async\" class=\"alignnone wp-image-848\" src=\"https:\/\/freibuch.de\/wp-content\/uploads\/2024\/05\/74-freiBUCH-5.-Mai-2024-Foto-Arne-Bicker-1024x683.jpg\" alt=\"\" width=\"500\" height=\"333\" srcset=\"https:\/\/freibuch.de\/wp-content\/uploads\/2024\/05\/74-freiBUCH-5.-Mai-2024-Foto-Arne-Bicker-1024x683.jpg 1024w, https:\/\/freibuch.de\/wp-content\/uploads\/2024\/05\/74-freiBUCH-5.-Mai-2024-Foto-Arne-Bicker-300x200.jpg 300w, https:\/\/freibuch.de\/wp-content\/uploads\/2024\/05\/74-freiBUCH-5.-Mai-2024-Foto-Arne-Bicker-768x512.jpg 768w, https:\/\/freibuch.de\/wp-content\/uploads\/2024\/05\/74-freiBUCH-5.-Mai-2024-Foto-Arne-Bicker-1536x1024.jpg 1536w, https:\/\/freibuch.de\/wp-content\/uploads\/2024\/05\/74-freiBUCH-5.-Mai-2024-Foto-Arne-Bicker-2048x1365.jpg 2048w\" sizes=\"auto, (max-width: 500px) 100vw, 500px\" \/><\/p>\n<audio class=\"wp-audio-shortcode\" id=\"audio-54-2\" preload=\"none\" style=\"width: 100%;\" controls=\"controls\"><source type=\"audio\/mpeg\" src=\"https:\/\/freibuch.de\/wp-content\/uploads\/2024\/05\/Interview-Buchmesse-Martin-Horn-REG.mp3?_=2\" \/><a href=\"https:\/\/freibuch.de\/wp-content\/uploads\/2024\/05\/Interview-Buchmesse-Martin-Horn-REG.mp3\">https:\/\/freibuch.de\/wp-content\/uploads\/2024\/05\/Interview-Buchmesse-Martin-Horn-REG.mp3<\/a><\/audio>\n<p>&nbsp;<\/p>\n<p><img loading=\"lazy\" decoding=\"async\" class=\"alignnone wp-image-827\" src=\"https:\/\/freibuch.de\/wp-content\/uploads\/2024\/05\/53-freiBUCH-5.-Mai-2024-Foto-Arne-Bicker-1024x683.jpg\" alt=\"\" width=\"500\" height=\"333\" srcset=\"https:\/\/freibuch.de\/wp-content\/uploads\/2024\/05\/53-freiBUCH-5.-Mai-2024-Foto-Arne-Bicker-1024x683.jpg 1024w, https:\/\/freibuch.de\/wp-content\/uploads\/2024\/05\/53-freiBUCH-5.-Mai-2024-Foto-Arne-Bicker-300x200.jpg 300w, https:\/\/freibuch.de\/wp-content\/uploads\/2024\/05\/53-freiBUCH-5.-Mai-2024-Foto-Arne-Bicker-768x512.jpg 768w, https:\/\/freibuch.de\/wp-content\/uploads\/2024\/05\/53-freiBUCH-5.-Mai-2024-Foto-Arne-Bicker-1536x1024.jpg 1536w, https:\/\/freibuch.de\/wp-content\/uploads\/2024\/05\/53-freiBUCH-5.-Mai-2024-Foto-Arne-Bicker-2048x1365.jpg 2048w\" sizes=\"auto, (max-width: 500px) 100vw, 500px\" \/><\/p>\n<audio class=\"wp-audio-shortcode\" id=\"audio-54-3\" preload=\"none\" style=\"width: 100%;\" controls=\"controls\"><source type=\"audio\/mpeg\" src=\"https:\/\/freibuch.de\/wp-content\/uploads\/2024\/05\/Nils-Petersen-zur-Buchmesse-REG.mp3?_=3\" \/><a href=\"https:\/\/freibuch.de\/wp-content\/uploads\/2024\/05\/Nils-Petersen-zur-Buchmesse-REG.mp3\">https:\/\/freibuch.de\/wp-content\/uploads\/2024\/05\/Nils-Petersen-zur-Buchmesse-REG.mp3<\/a><\/audio>\n<p>&nbsp;<\/p>\n<p><img loading=\"lazy\" decoding=\"async\" class=\"wp-image-123 aligncenter\" src=\"https:\/\/freibuch.de\/wp-content\/uploads\/2023\/11\/freiBUCH-Die-guten-Seiten-des-Lebens-1-882x1024.jpg\" alt=\"\" width=\"600\" height=\"697\" srcset=\"https:\/\/freibuch.de\/wp-content\/uploads\/2023\/11\/freiBUCH-Die-guten-Seiten-des-Lebens-1-882x1024.jpg 882w, https:\/\/freibuch.de\/wp-content\/uploads\/2023\/11\/freiBUCH-Die-guten-Seiten-des-Lebens-1-258x300.jpg 258w, https:\/\/freibuch.de\/wp-content\/uploads\/2023\/11\/freiBUCH-Die-guten-Seiten-des-Lebens-1-768x892.jpg 768w, https:\/\/freibuch.de\/wp-content\/uploads\/2023\/11\/freiBUCH-Die-guten-Seiten-des-Lebens-1.jpg 1032w\" sizes=\"auto, (max-width: 600px) 100vw, 600px\" \/><\/p>\n","protected":false},"excerpt":{"rendered":"<p>D A N K E ! &nbsp; &nbsp; =&gt; Die 1. Freiburger Buchmesse freiBUCH ist rum &#8211; und wir alle hatten gro\u00dfes Gl\u00fcck mit dem Wetter wie auch mit einer gro\u00dfen Schar von rund 2.000 freundlichen und sehr neugierigen BesucherInnen. Ihnen, den vielen Ausstellenden, Lesenden, B\u00fchneng\u00e4sten, Kunstausstellenden, Fotografierenden, benachbarten Mitausstellern im Atelier Bronner und der [&hellip;]<\/p>\n","protected":false},"author":1,"featured_media":0,"parent":0,"menu_order":0,"comment_status":"closed","ping_status":"closed","template":"","meta":{"advgb_blocks_editor_width":"","advgb_blocks_columns_visual_guide":"","footnotes":""},"class_list":["post-54","page","type-page","status-publish","hentry"],"coauthors":[],"author_meta":{"author_link":"https:\/\/freibuch.de\/index.php\/author\/kreapio2\/","display_name":"admin"},"relative_dates":{"created":"Posted 2\u00a0Jahren ago","modified":"Updated 2\u00a0Jahren ago"},"absolute_dates":{"created":"Posted on 18. Oktober 2023","modified":"Updated on 10. Mai 2024"},"absolute_dates_time":{"created":"Posted on 18. Oktober 2023 15:10","modified":"Updated on 10. Mai 2024 21:20"},"featured_img_caption":"","featured_img":false,"series_order":"","_links":{"self":[{"href":"https:\/\/freibuch.de\/index.php\/wp-json\/wp\/v2\/pages\/54","targetHints":{"allow":["GET"]}}],"collection":[{"href":"https:\/\/freibuch.de\/index.php\/wp-json\/wp\/v2\/pages"}],"about":[{"href":"https:\/\/freibuch.de\/index.php\/wp-json\/wp\/v2\/types\/page"}],"author":[{"embeddable":true,"href":"https:\/\/freibuch.de\/index.php\/wp-json\/wp\/v2\/users\/1"}],"replies":[{"embeddable":true,"href":"https:\/\/freibuch.de\/index.php\/wp-json\/wp\/v2\/comments?post=54"}],"version-history":[{"count":62,"href":"https:\/\/freibuch.de\/index.php\/wp-json\/wp\/v2\/pages\/54\/revisions"}],"predecessor-version":[{"id":890,"href":"https:\/\/freibuch.de\/index.php\/wp-json\/wp\/v2\/pages\/54\/revisions\/890"}],"wp:attachment":[{"href":"https:\/\/freibuch.de\/index.php\/wp-json\/wp\/v2\/media?parent=54"}],"curies":[{"name":"wp","href":"https:\/\/api.w.org\/{rel}","templated":true}]}}