{"id":367,"date":"2024-04-02T19:45:02","date_gmt":"2024-04-02T19:45:02","guid":{"rendered":"https:\/\/freibuch.de\/?page_id=367"},"modified":"2024-04-15T10:26:19","modified_gmt":"2024-04-15T10:26:19","slug":"freibuch-erinnerungen","status":"publish","type":"page","link":"https:\/\/freibuch.de\/index.php\/freibuch-erinnerungen\/","title":{"rendered":"Merch"},"content":{"rendered":"<h4>freiBUCH-Aufn\u00e4her &#8211; handgemacht aus Afghanistan<\/h4>\n<p>&nbsp;<\/p>\n<p><a href=\"https:\/\/freibuch.de\/wp-content\/uploads\/2024\/04\/freiBUCH-Stickereien.jpg\" target=\"_blank\" rel=\"noopener\"><img loading=\"lazy\" decoding=\"async\" class=\"alignnone size-large wp-image-369\" src=\"https:\/\/freibuch.de\/wp-content\/uploads\/2024\/04\/freiBUCH-Stickereien-758x1024.jpg\" alt=\"\" width=\"758\" height=\"1024\" srcset=\"https:\/\/freibuch.de\/wp-content\/uploads\/2024\/04\/freiBUCH-Stickereien-758x1024.jpg 758w, https:\/\/freibuch.de\/wp-content\/uploads\/2024\/04\/freiBUCH-Stickereien-222x300.jpg 222w, https:\/\/freibuch.de\/wp-content\/uploads\/2024\/04\/freiBUCH-Stickereien-768x1037.jpg 768w, https:\/\/freibuch.de\/wp-content\/uploads\/2024\/04\/freiBUCH-Stickereien-1138x1536.jpg 1138w, https:\/\/freibuch.de\/wp-content\/uploads\/2024\/04\/freiBUCH-Stickereien.jpg 1288w\" sizes=\"auto, (max-width: 758px) 100vw, 758px\" \/><\/a><\/p>\n<p><em><strong>Im Rahmen der freiBUCH am Messe-Info-Stand B1 in Halle 1 erh\u00e4ltlich.<\/strong><\/em><\/p>\n<p>&nbsp;<\/p>\n<hr \/>\n<h4><\/h4>\n<h4>freiBUCH-F\u00f6rder-T-Shirt<\/h4>\n<p>&nbsp;<\/p>\n<p>T-Shirts mit untenstehendem, gro\u00df vorderseitig bedrucktem freiBUCH-Logo \/ Buchhamster-Motiv (wei\u00df in den Gr\u00f6\u00dfen S bis XL) k\u00f6nnen zum Preis von 30 Euro unter merch@freibuch.de bestellt werden. 10 Euro der Kaufsumme flie\u00dfen z\u00fcgig und ungefiltert in die schmale Kasse der freiBUCH.<\/p>\n<p><img loading=\"lazy\" decoding=\"async\" class=\"alignnone wp-image-396\" src=\"https:\/\/freibuch.de\/wp-content\/uploads\/2024\/04\/freibuchLogoBuch-Hamster-1024x908.jpg\" alt=\"\" width=\"500\" height=\"443\" srcset=\"https:\/\/freibuch.de\/wp-content\/uploads\/2024\/04\/freibuchLogoBuch-Hamster-1024x908.jpg 1024w, https:\/\/freibuch.de\/wp-content\/uploads\/2024\/04\/freibuchLogoBuch-Hamster-300x266.jpg 300w, https:\/\/freibuch.de\/wp-content\/uploads\/2024\/04\/freibuchLogoBuch-Hamster-768x681.jpg 768w, https:\/\/freibuch.de\/wp-content\/uploads\/2024\/04\/freibuchLogoBuch-Hamster-1536x1362.jpg 1536w, https:\/\/freibuch.de\/wp-content\/uploads\/2024\/04\/freibuchLogoBuch-Hamster.jpg 1542w\" sizes=\"auto, (max-width: 500px) 100vw, 500px\" \/><\/p>\n<p>&nbsp;<\/p>\n<hr \/>\n<p>&nbsp;<\/p>\n<h4>freiBUCH-Lesezeichen<\/h4>\n<p>&nbsp;<\/p>\n<p><img loading=\"lazy\" decoding=\"async\" class=\"alignnone wp-image-403\" src=\"https:\/\/freibuch.de\/wp-content\/uploads\/2024\/04\/Lesezeichen-online.jpg\" alt=\"\" width=\"500\" height=\"319\" srcset=\"https:\/\/freibuch.de\/wp-content\/uploads\/2024\/04\/Lesezeichen-online.jpg 1000w, https:\/\/freibuch.de\/wp-content\/uploads\/2024\/04\/Lesezeichen-online-300x191.jpg 300w, https:\/\/freibuch.de\/wp-content\/uploads\/2024\/04\/Lesezeichen-online-768x489.jpg 768w\" sizes=\"auto, (max-width: 500px) 100vw, 500px\" \/><\/p>\n<p><em><strong>Zwei Stk. \/ zwei verschiedene Motive f\u00fcr eine Spende von 50 Cent in die freiBUCH-Spendenkasse im Rahmen der freiBUCH am Messe-Info-Stand B1 in Halle 1 erh\u00e4ltlich.<\/strong><\/em><\/p>\n<p>&nbsp;<\/p>\n<hr \/>\n<p>&nbsp;<\/p>\n<h4>Gro\u00dfes freiBUCH-Plakat A1<\/h4>\n<p><em><strong>&#8230;f\u00fcr eine Spende von 10 Euro in die freiBUCH-Spendenkasse im Rahmen der freiBUCH am Messe-Info-Stand B1 in Halle 1 erh\u00e4ltlich.<\/strong><\/em><\/p>\n<p><img loading=\"lazy\" decoding=\"async\" class=\"alignnone wp-image-431\" src=\"https:\/\/freibuch.de\/wp-content\/uploads\/2024\/04\/Plakat_freiBuch_A1_kl-725x1024.jpg\" alt=\"\" width=\"425\" height=\"600\" srcset=\"https:\/\/freibuch.de\/wp-content\/uploads\/2024\/04\/Plakat_freiBuch_A1_kl-725x1024.jpg 725w, https:\/\/freibuch.de\/wp-content\/uploads\/2024\/04\/Plakat_freiBuch_A1_kl-213x300.jpg 213w, https:\/\/freibuch.de\/wp-content\/uploads\/2024\/04\/Plakat_freiBuch_A1_kl-768x1084.jpg 768w, https:\/\/freibuch.de\/wp-content\/uploads\/2024\/04\/Plakat_freiBuch_A1_kl.jpg 850w\" sizes=\"auto, (max-width: 425px) 100vw, 425px\" \/><\/p>\n","protected":false},"excerpt":{"rendered":"<p>freiBUCH-Aufn\u00e4her &#8211; handgemacht aus Afghanistan &nbsp; Im Rahmen der freiBUCH am Messe-Info-Stand B1 in Halle 1 erh\u00e4ltlich. &nbsp; freiBUCH-F\u00f6rder-T-Shirt &nbsp; T-Shirts mit untenstehendem, gro\u00df vorderseitig bedrucktem freiBUCH-Logo \/ Buchhamster-Motiv (wei\u00df in den Gr\u00f6\u00dfen S bis XL) k\u00f6nnen zum Preis von 30 Euro unter merch@freibuch.de bestellt werden. 10 Euro der Kaufsumme flie\u00dfen z\u00fcgig und ungefiltert in [&hellip;]<\/p>\n","protected":false},"author":1,"featured_media":0,"parent":0,"menu_order":0,"comment_status":"closed","ping_status":"closed","template":"","meta":{"advgb_blocks_editor_width":"","advgb_blocks_columns_visual_guide":"","footnotes":""},"class_list":["post-367","page","type-page","status-publish","hentry"],"coauthors":[],"author_meta":{"author_link":"https:\/\/freibuch.de\/index.php\/author\/kreapio2\/","display_name":"admin"},"relative_dates":{"created":"Posted 2\u00a0Jahren ago","modified":"Updated 2\u00a0Jahren ago"},"absolute_dates":{"created":"Posted on 2. April 2024","modified":"Updated on 15. April 2024"},"absolute_dates_time":{"created":"Posted on 2. April 2024 19:45","modified":"Updated on 15. April 2024 10:26"},"featured_img_caption":"","featured_img":false,"series_order":"","_links":{"self":[{"href":"https:\/\/freibuch.de\/index.php\/wp-json\/wp\/v2\/pages\/367","targetHints":{"allow":["GET"]}}],"collection":[{"href":"https:\/\/freibuch.de\/index.php\/wp-json\/wp\/v2\/pages"}],"about":[{"href":"https:\/\/freibuch.de\/index.php\/wp-json\/wp\/v2\/types\/page"}],"author":[{"embeddable":true,"href":"https:\/\/freibuch.de\/index.php\/wp-json\/wp\/v2\/users\/1"}],"replies":[{"embeddable":true,"href":"https:\/\/freibuch.de\/index.php\/wp-json\/wp\/v2\/comments?post=367"}],"version-history":[{"count":16,"href":"https:\/\/freibuch.de\/index.php\/wp-json\/wp\/v2\/pages\/367\/revisions"}],"predecessor-version":[{"id":432,"href":"https:\/\/freibuch.de\/index.php\/wp-json\/wp\/v2\/pages\/367\/revisions\/432"}],"wp:attachment":[{"href":"https:\/\/freibuch.de\/index.php\/wp-json\/wp\/v2\/media?parent=367"}],"curies":[{"name":"wp","href":"https:\/\/api.w.org\/{rel}","templated":true}]}}